{"id":58,"date":"2020-04-12T17:03:39","date_gmt":"2020-04-12T15:03:39","guid":{"rendered":"http:\/\/carrelage-evolution.com\/?page_id=58"},"modified":"2020-12-08T18:00:14","modified_gmt":"2020-12-08T17:00:14","slug":"contact","status":"publish","type":"page","link":"https:\/\/carrelage-evolution.com\/index.php\/contact\/","title":{"rendered":"CONTACT"},"content":{"rendered":"\t\t<div data-elementor-type=\"wp-page\" data-elementor-id=\"58\" class=\"elementor elementor-58\">\n\t\t\t\t\t\t<section class=\"elementor-section elementor-top-section elementor-element elementor-element-c1aade8 elementor-section-stretched elementor-section-boxed elementor-section-height-default elementor-section-height-default\" data-id=\"c1aade8\" data-element_type=\"section\" data-e-type=\"section\" data-settings=\"{&quot;stretch_section&quot;:&quot;section-stretched&quot;}\">\n\t\t\t\t\t\t<div class=\"elementor-container elementor-column-gap-default\">\n\t\t\t\t\t<div class=\"elementor-column elementor-col-100 elementor-top-column elementor-element elementor-element-7586c29\" data-id=\"7586c29\" data-element_type=\"column\" data-e-type=\"column\">\n\t\t\t<div class=\"elementor-widget-wrap elementor-element-populated\">\n\t\t\t\t\t\t<div class=\"elementor-element elementor-element-ebdc4eb elementor-widget elementor-widget-text-editor\" data-id=\"ebdc4eb\" data-element_type=\"widget\" data-e-type=\"widget\" data-widget_type=\"text-editor.default\">\n\t\t\t\t<div class=\"elementor-widget-container\">\n\t\t\t\t\t\t\t\t\t<p><strong><span style=\"text-decoration: underline;\">Coordonn\u00e9es soci\u00e9t\u00e9 :<\/span><\/strong><\/p>\n<p class=\"has-text-color\">SARL CARRELAGE EVOLUTION<br \/>Vincent JULLIEN<br \/>529 avenue Roger Salengro<br \/>59450 SIN LE NOBLE<\/p>\n<p class=\"has-text-color\">T\u00e9l. +33(0)6 23 09 36 96<\/p>\t\t\t\t\t\t\t\t<\/div>\n\t\t\t\t<\/div>\n\t\t\t\t\t<\/div>\n\t\t<\/div>\n\t\t\t\t\t<\/div>\n\t\t<\/section>\n\t\t\t\t<section class=\"elementor-section elementor-top-section elementor-element elementor-element-717e789 elementor-section-stretched elementor-section-boxed elementor-section-height-default elementor-section-height-default\" data-id=\"717e789\" data-element_type=\"section\" data-e-type=\"section\" data-settings=\"{&quot;stretch_section&quot;:&quot;section-stretched&quot;}\">\n\t\t\t\t\t\t<div class=\"elementor-container elementor-column-gap-default\">\n\t\t\t\t\t<div class=\"elementor-column elementor-col-100 elementor-top-column elementor-element elementor-element-7ec30aa\" data-id=\"7ec30aa\" data-element_type=\"column\" data-e-type=\"column\">\n\t\t\t<div class=\"elementor-widget-wrap elementor-element-populated\">\n\t\t\t\t\t\t<div class=\"elementor-element elementor-element-fcab0de elementor-widget elementor-widget-spacer\" data-id=\"fcab0de\" data-element_type=\"widget\" data-e-type=\"widget\" data-widget_type=\"spacer.default\">\n\t\t\t\t<div class=\"elementor-widget-container\">\n\t\t\t\t\t\t\t<div class=\"elementor-spacer\">\n\t\t\t<div class=\"elementor-spacer-inner\"><\/div>\n\t\t<\/div>\n\t\t\t\t\t\t<\/div>\n\t\t\t\t<\/div>\n\t\t\t\t\t<\/div>\n\t\t<\/div>\n\t\t\t\t\t<\/div>\n\t\t<\/section>\n\t\t\t\t<section class=\"elementor-section elementor-top-section elementor-element elementor-element-8dfe23c elementor-section-stretched elementor-section-boxed elementor-section-height-default elementor-section-height-default\" data-id=\"8dfe23c\" data-element_type=\"section\" data-e-type=\"section\" data-settings=\"{&quot;stretch_section&quot;:&quot;section-stretched&quot;}\">\n\t\t\t\t\t\t<div class=\"elementor-container elementor-column-gap-default\">\n\t\t\t\t\t<div class=\"elementor-column elementor-col-100 elementor-top-column elementor-element elementor-element-60ade47\" data-id=\"60ade47\" data-element_type=\"column\" data-e-type=\"column\">\n\t\t\t<div class=\"elementor-widget-wrap elementor-element-populated\">\n\t\t\t\t\t\t<div class=\"elementor-element elementor-element-5bceb76 eael-contact-form-7-button-align-left eael-contact-form-7-button-custom elementor-widget elementor-widget-eael-contact-form-7\" data-id=\"5bceb76\" data-element_type=\"widget\" data-e-type=\"widget\" data-widget_type=\"eael-contact-form-7.default\">\n\t\t\t\t<div class=\"elementor-widget-container\">\n\t\t\t\t\t<div class=\"eael-contact-form-7-wrapper\">\n                <div class=\"eael-contact-form eael-contact-form-7 eael-contact-form-5bceb76 placeholder-show eael-contact-form-align-default\">\n<div class=\"wpcf7 no-js\" id=\"wpcf7-f288-o1\" lang=\"fr-FR\" dir=\"ltr\" data-wpcf7-id=\"288\">\n<div class=\"screen-reader-response\"><p role=\"status\" aria-live=\"polite\" aria-atomic=\"true\"><\/p> <ul><\/ul><\/div>\n<form action=\"\/index.php\/wp-json\/wp\/v2\/pages\/58#wpcf7-f288-o1\" method=\"post\" class=\"wpcf7-form init\" aria-label=\"Formulaire de contact\" novalidate=\"novalidate\" data-status=\"init\">\n<fieldset class=\"hidden-fields-container\"><input type=\"hidden\" name=\"_wpcf7\" value=\"288\" \/><input type=\"hidden\" name=\"_wpcf7_version\" value=\"6.1.5\" \/><input type=\"hidden\" name=\"_wpcf7_locale\" value=\"fr_FR\" \/><input type=\"hidden\" name=\"_wpcf7_unit_tag\" value=\"wpcf7-f288-o1\" \/><input type=\"hidden\" name=\"_wpcf7_container_post\" value=\"0\" \/><input type=\"hidden\" name=\"_wpcf7_posted_data_hash\" value=\"\" \/><input type=\"hidden\" name=\"_wpcf7_recaptcha_response\" value=\"\" \/>\n<\/fieldset>\n<p><label> Votre nom (obligatoire)<br \/>\n<span class=\"wpcf7-form-control-wrap\" data-name=\"your-name\"><input size=\"40\" maxlength=\"400\" class=\"wpcf7-form-control wpcf7-text wpcf7-validates-as-required\" aria-required=\"true\" aria-invalid=\"false\" value=\"\" type=\"text\" name=\"your-name\" \/><\/span> <\/label>\n<\/p>\n<p><label> Votre adresse de messagerie (obligatoire)<br \/>\n<span class=\"wpcf7-form-control-wrap\" data-name=\"your-email\"><input size=\"40\" maxlength=\"400\" class=\"wpcf7-form-control wpcf7-email wpcf7-validates-as-required wpcf7-text wpcf7-validates-as-email\" aria-required=\"true\" aria-invalid=\"false\" value=\"\" type=\"email\" name=\"your-email\" \/><\/span> <\/label>\n<\/p>\n<p><label> Objet<br \/>\n<span class=\"wpcf7-form-control-wrap\" data-name=\"your-subject\"><input size=\"40\" maxlength=\"400\" class=\"wpcf7-form-control wpcf7-text\" aria-invalid=\"false\" value=\"\" type=\"text\" name=\"your-subject\" \/><\/span> <\/label>\n<\/p>\n<p><label> Votre message<br \/>\n<span class=\"wpcf7-form-control-wrap\" data-name=\"your-message\"><textarea cols=\"40\" rows=\"10\" maxlength=\"2000\" class=\"wpcf7-form-control wpcf7-textarea\" aria-invalid=\"false\" name=\"your-message\"><\/textarea><\/span> <\/label>\n<\/p>\n<p><input class=\"wpcf7-form-control wpcf7-submit has-spinner\" type=\"submit\" value=\"Envoyer\" \/>\n<\/p><p style=\"display: none !important;\" class=\"akismet-fields-container\" data-prefix=\"_wpcf7_ak_\"><label>&#916;<textarea name=\"_wpcf7_ak_hp_textarea\" cols=\"45\" rows=\"8\" maxlength=\"100\"><\/textarea><\/label><input type=\"hidden\" id=\"ak_js_1\" name=\"_wpcf7_ak_js\" value=\"193\"\/><script>document.getElementById( \"ak_js_1\" ).setAttribute( \"value\", ( new Date() ).getTime() );<\/script><\/p><div class=\"wpcf7-response-output\" aria-hidden=\"true\"><\/div>\n<\/form>\n<\/div>\n<\/div>\n            <\/div>\t\t\t\t<\/div>\n\t\t\t\t<\/div>\n\t\t\t\t\t<\/div>\n\t\t<\/div>\n\t\t\t\t\t<\/div>\n\t\t<\/section>\n\t\t\t\t<section class=\"elementor-section elementor-top-section elementor-element elementor-element-e88d8b0 elementor-section-stretched elementor-section-boxed elementor-section-height-default elementor-section-height-default\" data-id=\"e88d8b0\" data-element_type=\"section\" data-e-type=\"section\" data-settings=\"{&quot;stretch_section&quot;:&quot;section-stretched&quot;}\">\n\t\t\t\t\t\t<div class=\"elementor-container elementor-column-gap-default\">\n\t\t\t\t\t<div class=\"elementor-column elementor-col-100 elementor-top-column elementor-element elementor-element-3df557f\" data-id=\"3df557f\" data-element_type=\"column\" data-e-type=\"column\">\n\t\t\t<div class=\"elementor-widget-wrap elementor-element-populated\">\n\t\t\t\t\t\t<div class=\"elementor-element elementor-element-5c76b51 elementor-widget elementor-widget-spacer\" data-id=\"5c76b51\" data-element_type=\"widget\" data-e-type=\"widget\" data-widget_type=\"spacer.default\">\n\t\t\t\t<div class=\"elementor-widget-container\">\n\t\t\t\t\t\t\t<div class=\"elementor-spacer\">\n\t\t\t<div class=\"elementor-spacer-inner\"><\/div>\n\t\t<\/div>\n\t\t\t\t\t\t<\/div>\n\t\t\t\t<\/div>\n\t\t\t\t<div class=\"elementor-element elementor-element-d4930a6 elementor-widget elementor-widget-wp-widget-bttk_facebook_page_widget\" data-id=\"d4930a6\" data-element_type=\"widget\" data-e-type=\"widget\" data-widget_type=\"wp-widget-bttk_facebook_page_widget.default\">\n\t\t\t\t<div class=\"elementor-widget-container\">\n\t\t\t\t\t        <div id=\"fb-root\"><\/div>\n        <script>\n        (function(d, s, id) {\n          var js, fjs = d.getElementsByTagName(s)[0];\n          if (d.getElementById(id)) return;\n          js = d.createElement(s); js.id = id;\n          js.src = \"\/\/connect.facebook.net\/en_GB\/sdk.js#xfbml=1&version=v2.8\";\n          fjs.parentNode.insertBefore(js, fjs);\n        }(document, 'script', 'facebook-jssdk'));<\/script>\n        \n        <div class=\"bttk-facebook-page-box\">\n                <div class=\"fb-page\" data-href=\"https:\/\/www.facebook.com\/vincentjullien59\" data-height=\"400\" data-hide-cover=\"1\" data-show-facepile=\"1\" data-small-header=\"1\" data-tabs=\"timeline, messages\" ><\/div>\n        <\/div>        \n        \t\t\t\t<\/div>\n\t\t\t\t<\/div>\n\t\t\t\t\t<\/div>\n\t\t<\/div>\n\t\t\t\t\t<\/div>\n\t\t<\/section>\n\t\t\t\t<section class=\"elementor-section elementor-top-section elementor-element elementor-element-e90f597 elementor-section-stretched elementor-section-boxed elementor-section-height-default elementor-section-height-default\" data-id=\"e90f597\" data-element_type=\"section\" data-e-type=\"section\" data-settings=\"{&quot;stretch_section&quot;:&quot;section-stretched&quot;}\">\n\t\t\t\t\t\t<div class=\"elementor-container elementor-column-gap-default\">\n\t\t\t\t\t<div class=\"elementor-column elementor-col-100 elementor-top-column elementor-element elementor-element-a7433c4\" data-id=\"a7433c4\" data-element_type=\"column\" data-e-type=\"column\">\n\t\t\t<div class=\"elementor-widget-wrap elementor-element-populated\">\n\t\t\t\t\t\t<div class=\"elementor-element elementor-element-12d332d elementor-view-default elementor-widget elementor-widget-icon\" data-id=\"12d332d\" data-element_type=\"widget\" data-e-type=\"widget\" data-widget_type=\"icon.default\">\n\t\t\t\t<div class=\"elementor-widget-container\">\n\t\t\t\t\t\t\t<div class=\"elementor-icon-wrapper\">\n\t\t\t<a class=\"elementor-icon\" href=\"https:\/\/www.instagram.com\/jullien.v\/?hl=fr\" target=\"_blank\">\n\t\t\t<i aria-hidden=\"true\" class=\"fab fa-instagram\"><\/i>\t\t\t<\/a>\n\t\t<\/div>\n\t\t\t\t\t\t<\/div>\n\t\t\t\t<\/div>\n\t\t\t\t\t<\/div>\n\t\t<\/div>\n\t\t\t\t\t<\/div>\n\t\t<\/section>\n\t\t\t\t<section class=\"elementor-section elementor-top-section elementor-element elementor-element-ed59af4 elementor-section-stretched elementor-section-boxed elementor-section-height-default elementor-section-height-default\" data-id=\"ed59af4\" data-element_type=\"section\" data-e-type=\"section\" data-settings=\"{&quot;stretch_section&quot;:&quot;section-stretched&quot;}\">\n\t\t\t\t\t\t<div class=\"elementor-container elementor-column-gap-default\">\n\t\t\t\t\t<div class=\"elementor-column elementor-col-100 elementor-top-column elementor-element elementor-element-0895445\" data-id=\"0895445\" data-element_type=\"column\" data-e-type=\"column\">\n\t\t\t<div class=\"elementor-widget-wrap\">\n\t\t\t\t\t\t\t<\/div>\n\t\t<\/div>\n\t\t\t\t\t<\/div>\n\t\t<\/section>\n\t\t\t\t<\/div>\n\t\t","protected":false},"excerpt":{"rendered":"<p>Coordonn\u00e9es soci\u00e9t\u00e9 : SARL CARRELAGE EVOLUTIONVincent JULLIEN529 avenue Roger Salengro59450 &hellip; <\/p>\n","protected":false},"author":1,"featured_media":0,"parent":0,"menu_order":0,"comment_status":"closed","ping_status":"closed","template":"","meta":{"_acf_changed":false,"footnotes":""},"class_list":["post-58","page","type-page","status-publish","hentry"],"acf":[],"yoast_head":"<!-- This site is optimized with the Yoast SEO plugin v27.4 - https:\/\/yoast.com\/product\/yoast-seo-wordpress\/ -->\n<title>CONTACT - Carrelage Evolution<\/title>\n<meta name=\"description\" content=\"Carrelage Evolution CONTACT -\" \/>\n<meta name=\"robots\" content=\"index, follow, max-snippet:-1, max-image-preview:large, max-video-preview:-1\" \/>\n<link rel=\"canonical\" href=\"https:\/\/carrelage-evolution.com\/index.php\/contact\/\" \/>\n<meta property=\"og:locale\" content=\"fr_FR\" \/>\n<meta property=\"og:type\" content=\"article\" \/>\n<meta property=\"og:title\" content=\"CONTACT - Carrelage Evolution\" \/>\n<meta property=\"og:description\" content=\"Carrelage Evolution CONTACT -\" \/>\n<meta property=\"og:url\" content=\"https:\/\/carrelage-evolution.com\/index.php\/contact\/\" \/>\n<meta property=\"og:site_name\" content=\"Carrelage Evolution\" \/>\n<meta property=\"article:publisher\" content=\"https:\/\/www.facebook.com\/vincentjullien59\" \/>\n<meta property=\"article:modified_time\" content=\"2020-12-08T17:00:14+00:00\" \/>\n<meta property=\"og:image\" content=\"https:\/\/carrelage-evolution.com\/wp-content\/uploads\/2020\/05\/01-CE-LOGO-CMJN-1.jpeg\" \/>\n\t<meta property=\"og:image:width\" content=\"1336\" \/>\n\t<meta property=\"og:image:height\" content=\"566\" \/>\n\t<meta property=\"og:image:type\" content=\"image\/jpeg\" \/>\n<meta name=\"twitter:card\" content=\"summary_large_image\" \/>\n<script type=\"application\/ld+json\" class=\"yoast-schema-graph\">{\"@context\":\"https:\\\/\\\/schema.org\",\"@graph\":[{\"@type\":\"WebPage\",\"@id\":\"https:\\\/\\\/carrelage-evolution.com\\\/index.php\\\/contact\\\/\",\"url\":\"https:\\\/\\\/carrelage-evolution.com\\\/index.php\\\/contact\\\/\",\"name\":\"CONTACT - Carrelage Evolution\",\"isPartOf\":{\"@id\":\"https:\\\/\\\/carrelage-evolution.com\\\/#website\"},\"datePublished\":\"2020-04-12T15:03:39+00:00\",\"dateModified\":\"2020-12-08T17:00:14+00:00\",\"description\":\"Carrelage Evolution CONTACT -\",\"breadcrumb\":{\"@id\":\"https:\\\/\\\/carrelage-evolution.com\\\/index.php\\\/contact\\\/#breadcrumb\"},\"inLanguage\":\"fr-FR\",\"potentialAction\":[{\"@type\":\"ReadAction\",\"target\":[\"https:\\\/\\\/carrelage-evolution.com\\\/index.php\\\/contact\\\/\"]}]},{\"@type\":\"BreadcrumbList\",\"@id\":\"https:\\\/\\\/carrelage-evolution.com\\\/index.php\\\/contact\\\/#breadcrumb\",\"itemListElement\":[{\"@type\":\"ListItem\",\"position\":1,\"name\":\"Accueil\",\"item\":\"https:\\\/\\\/carrelage-evolution.com\\\/\"},{\"@type\":\"ListItem\",\"position\":2,\"name\":\"CONTACT\"}]},{\"@type\":\"WebSite\",\"@id\":\"https:\\\/\\\/carrelage-evolution.com\\\/#website\",\"url\":\"https:\\\/\\\/carrelage-evolution.com\\\/\",\"name\":\"Carrelage Evolution\",\"description\":\"Agence commerciale ind\u00e9pendante secteur c\u00e9ramique, carrelage, colle, mat\u00e9riaux et accessoires de pose\",\"publisher\":{\"@id\":\"https:\\\/\\\/carrelage-evolution.com\\\/#organization\"},\"potentialAction\":[{\"@type\":\"SearchAction\",\"target\":{\"@type\":\"EntryPoint\",\"urlTemplate\":\"https:\\\/\\\/carrelage-evolution.com\\\/?s={search_term_string}\"},\"query-input\":{\"@type\":\"PropertyValueSpecification\",\"valueRequired\":true,\"valueName\":\"search_term_string\"}}],\"inLanguage\":\"fr-FR\"},{\"@type\":\"Organization\",\"@id\":\"https:\\\/\\\/carrelage-evolution.com\\\/#organization\",\"name\":\"carrelage-evolution\",\"url\":\"https:\\\/\\\/carrelage-evolution.com\\\/\",\"logo\":{\"@type\":\"ImageObject\",\"inLanguage\":\"fr-FR\",\"@id\":\"https:\\\/\\\/carrelage-evolution.com\\\/#\\\/schema\\\/logo\\\/image\\\/\",\"url\":\"https:\\\/\\\/carrelage-evolution.com\\\/wp-content\\\/uploads\\\/2020\\\/05\\\/01-CE-LOGO-CMJN-e1588426753120.jpeg\",\"contentUrl\":\"https:\\\/\\\/carrelage-evolution.com\\\/wp-content\\\/uploads\\\/2020\\\/05\\\/01-CE-LOGO-CMJN-e1588426753120.jpeg\",\"width\":550,\"height\":233,\"caption\":\"carrelage-evolution\"},\"image\":{\"@id\":\"https:\\\/\\\/carrelage-evolution.com\\\/#\\\/schema\\\/logo\\\/image\\\/\"},\"sameAs\":[\"https:\\\/\\\/www.facebook.com\\\/vincentjullien59\",\"https:\\\/\\\/www.instagram.com\\\/jullien.v\\\/?hl=fr\",\"https:\\\/\\\/www.linkedin.com\\\/in\\\/vincentjullienagentcommercialcarrelage?trk=people-guest_people_search-card\"]}]}<\/script>\n<!-- \/ Yoast SEO plugin. -->","yoast_head_json":{"title":"CONTACT - Carrelage Evolution","description":"Carrelage Evolution CONTACT -","robots":{"index":"index","follow":"follow","max-snippet":"max-snippet:-1","max-image-preview":"max-image-preview:large","max-video-preview":"max-video-preview:-1"},"canonical":"https:\/\/carrelage-evolution.com\/index.php\/contact\/","og_locale":"fr_FR","og_type":"article","og_title":"CONTACT - Carrelage Evolution","og_description":"Carrelage Evolution CONTACT -","og_url":"https:\/\/carrelage-evolution.com\/index.php\/contact\/","og_site_name":"Carrelage Evolution","article_publisher":"https:\/\/www.facebook.com\/vincentjullien59","article_modified_time":"2020-12-08T17:00:14+00:00","og_image":[{"width":1336,"height":566,"url":"https:\/\/carrelage-evolution.com\/wp-content\/uploads\/2020\/05\/01-CE-LOGO-CMJN-1.jpeg","type":"image\/jpeg"}],"twitter_card":"summary_large_image","schema":{"@context":"https:\/\/schema.org","@graph":[{"@type":"WebPage","@id":"https:\/\/carrelage-evolution.com\/index.php\/contact\/","url":"https:\/\/carrelage-evolution.com\/index.php\/contact\/","name":"CONTACT - Carrelage Evolution","isPartOf":{"@id":"https:\/\/carrelage-evolution.com\/#website"},"datePublished":"2020-04-12T15:03:39+00:00","dateModified":"2020-12-08T17:00:14+00:00","description":"Carrelage Evolution CONTACT -","breadcrumb":{"@id":"https:\/\/carrelage-evolution.com\/index.php\/contact\/#breadcrumb"},"inLanguage":"fr-FR","potentialAction":[{"@type":"ReadAction","target":["https:\/\/carrelage-evolution.com\/index.php\/contact\/"]}]},{"@type":"BreadcrumbList","@id":"https:\/\/carrelage-evolution.com\/index.php\/contact\/#breadcrumb","itemListElement":[{"@type":"ListItem","position":1,"name":"Accueil","item":"https:\/\/carrelage-evolution.com\/"},{"@type":"ListItem","position":2,"name":"CONTACT"}]},{"@type":"WebSite","@id":"https:\/\/carrelage-evolution.com\/#website","url":"https:\/\/carrelage-evolution.com\/","name":"Carrelage Evolution","description":"Agence commerciale ind\u00e9pendante secteur c\u00e9ramique, carrelage, colle, mat\u00e9riaux et accessoires de pose","publisher":{"@id":"https:\/\/carrelage-evolution.com\/#organization"},"potentialAction":[{"@type":"SearchAction","target":{"@type":"EntryPoint","urlTemplate":"https:\/\/carrelage-evolution.com\/?s={search_term_string}"},"query-input":{"@type":"PropertyValueSpecification","valueRequired":true,"valueName":"search_term_string"}}],"inLanguage":"fr-FR"},{"@type":"Organization","@id":"https:\/\/carrelage-evolution.com\/#organization","name":"carrelage-evolution","url":"https:\/\/carrelage-evolution.com\/","logo":{"@type":"ImageObject","inLanguage":"fr-FR","@id":"https:\/\/carrelage-evolution.com\/#\/schema\/logo\/image\/","url":"https:\/\/carrelage-evolution.com\/wp-content\/uploads\/2020\/05\/01-CE-LOGO-CMJN-e1588426753120.jpeg","contentUrl":"https:\/\/carrelage-evolution.com\/wp-content\/uploads\/2020\/05\/01-CE-LOGO-CMJN-e1588426753120.jpeg","width":550,"height":233,"caption":"carrelage-evolution"},"image":{"@id":"https:\/\/carrelage-evolution.com\/#\/schema\/logo\/image\/"},"sameAs":["https:\/\/www.facebook.com\/vincentjullien59","https:\/\/www.instagram.com\/jullien.v\/?hl=fr","https:\/\/www.linkedin.com\/in\/vincentjullienagentcommercialcarrelage?trk=people-guest_people_search-card"]}]}},"_links":{"self":[{"href":"https:\/\/carrelage-evolution.com\/index.php\/wp-json\/wp\/v2\/pages\/58","targetHints":{"allow":["GET"]}}],"collection":[{"href":"https:\/\/carrelage-evolution.com\/index.php\/wp-json\/wp\/v2\/pages"}],"about":[{"href":"https:\/\/carrelage-evolution.com\/index.php\/wp-json\/wp\/v2\/types\/page"}],"author":[{"embeddable":true,"href":"https:\/\/carrelage-evolution.com\/index.php\/wp-json\/wp\/v2\/users\/1"}],"replies":[{"embeddable":true,"href":"https:\/\/carrelage-evolution.com\/index.php\/wp-json\/wp\/v2\/comments?post=58"}],"version-history":[{"count":55,"href":"https:\/\/carrelage-evolution.com\/index.php\/wp-json\/wp\/v2\/pages\/58\/revisions"}],"predecessor-version":[{"id":2225,"href":"https:\/\/carrelage-evolution.com\/index.php\/wp-json\/wp\/v2\/pages\/58\/revisions\/2225"}],"wp:attachment":[{"href":"https:\/\/carrelage-evolution.com\/index.php\/wp-json\/wp\/v2\/media?parent=58"}],"curies":[{"name":"wp","href":"https:\/\/api.w.org\/{rel}","templated":true}]}}